{"id":2320,"date":"2024-08-24T21:09:28","date_gmt":"2024-08-24T19:09:28","guid":{"rendered":"https:\/\/almocon.de\/about-us\/education\/"},"modified":"2025-07-22T14:48:55","modified_gmt":"2025-07-22T12:48:55","slug":"education","status":"publish","type":"page","link":"https:\/\/almocon.de\/en\/about-us\/education\/","title":{"rendered":"Education"},"content":{"rendered":"\t\t<div data-elementor-type=\"wp-page\" data-elementor-id=\"2320\" class=\"elementor elementor-2320 elementor-426\" data-elementor-post-type=\"page\">\n\t\t\t\t<div class=\"elementor-element elementor-element-eb91127 e-flex e-con-boxed e-con e-parent\" data-id=\"eb91127\" data-element_type=\"container\" data-e-type=\"container\">\n\t\t\t\t\t<div class=\"e-con-inner\">\n\t\t<div class=\"elementor-element elementor-element-4583451 e-con-full e-flex e-con e-child\" data-id=\"4583451\" data-element_type=\"container\" data-e-type=\"container\">\n\t\t\t\t<div class=\"elementor-element elementor-element-ae563a7 elementor-widget elementor-widget-heading\" data-id=\"ae563a7\" data-element_type=\"widget\" data-e-type=\"widget\" data-widget_type=\"heading.default\">\n\t\t\t\t<div class=\"elementor-widget-container\">\n\t\t\t\t\t<h2 class=\"elementor-heading-title elementor-size-default\">Your start in the automotive world: training with drive with us<\/h2>\t\t\t\t<\/div>\n\t\t\t\t<\/div>\n\t\t\t\t<div class=\"elementor-element elementor-element-106ab26 elementor-widget elementor-widget-text-editor\" data-id=\"106ab26\" data-element_type=\"widget\" data-e-type=\"widget\" data-widget_type=\"text-editor.default\">\n\t\t\t\t<div class=\"elementor-widget-container\">\n\t\t\t\t\t\t\t\t\t<p>Start your career with an apprenticeship as a vehicle test engineer or vehicle damage assessor! With us, you will lay the foundation for a successful future in the automotive industry. <\/p><p>In our team, you will learn everything you need for your dream job &#8211; practical, varied and with real professionals at your side. We offer you training that not only provides you with specialist knowledge, but also gives you room for personal development. If you are motivated and have a passion for cars, then you&#8217;ve come to the right place. Start your professional journey at T\u00dcV S\u00dcD Auto Partner in the Berlin Sch\u00f6neweide vehicle inspection center and become part of our strong team!   <\/p>\t\t\t\t\t\t\t\t<\/div>\n\t\t\t\t<\/div>\n\t\t\t\t<\/div>\n\t\t\t\t\t<\/div>\n\t\t\t\t<\/div>\n\t\t<div class=\"elementor-element elementor-element-55c952a0 e-con-full e-flex e-con e-parent\" data-id=\"55c952a0\" data-element_type=\"container\" data-e-type=\"container\" data-settings=\"{&quot;background_background&quot;:&quot;classic&quot;}\">\n\t\t\t\t<div class=\"elementor-element elementor-element-73227a59 elementor-widget elementor-widget-heading\" data-id=\"73227a59\" data-element_type=\"widget\" data-e-type=\"widget\" data-widget_type=\"heading.default\">\n\t\t\t\t<div class=\"elementor-widget-container\">\n\t\t\t\t\t<h2 class=\"elementor-heading-title elementor-size-default\">Your application to us.  <br>We are looking for you as our new apprentice!<\/h2>\t\t\t\t<\/div>\n\t\t\t\t<\/div>\n\t\t\t\t<div class=\"elementor-element elementor-element-47f19de1 elementor-widget elementor-widget-text-editor\" data-id=\"47f19de1\" data-element_type=\"widget\" data-e-type=\"widget\" data-widget_type=\"text-editor.default\">\n\t\t\t\t<div class=\"elementor-widget-container\">\n\t\t\t\t\t\t\t\t\t<p>We look forward to receiving your application.<\/p>\t\t\t\t\t\t\t\t<\/div>\n\t\t\t\t<\/div>\n\t\t\t\t<div class=\"elementor-element elementor-element-3cb096ed elementor-widget elementor-widget-button\" data-id=\"3cb096ed\" data-element_type=\"widget\" data-e-type=\"widget\" data-widget_type=\"button.default\">\n\t\t\t\t<div class=\"elementor-widget-container\">\n\t\t\t\t\t\t\t\t\t<div class=\"elementor-button-wrapper\">\n\t\t\t\t\t<a class=\"elementor-button elementor-button-link elementor-size-sm\" href=\"mailto:%20info@almocon.de\">\n\t\t\t\t\t\t<span class=\"elementor-button-content-wrapper\">\n\t\t\t\t\t\t<span class=\"elementor-button-icon\">\n\t\t\t\t<svg aria-hidden=\"true\" class=\"e-font-icon-svg e-fas-mail-bulk\" viewBox=\"0 0 576 512\" xmlns=\"http:\/\/www.w3.org\/2000\/svg\"><path d=\"M160 448c-25.6 0-51.2-22.4-64-32-64-44.8-83.2-60.8-96-70.4V480c0 17.67 14.33 32 32 32h256c17.67 0 32-14.33 32-32V345.6c-12.8 9.6-32 25.6-96 70.4-12.8 9.6-38.4 32-64 32zm128-192H32c-17.67 0-32 14.33-32 32v16c25.6 19.2 22.4 19.2 115.2 86.4 9.6 6.4 28.8 25.6 44.8 25.6s35.2-19.2 44.8-22.4c92.8-67.2 89.6-67.2 115.2-86.4V288c0-17.67-14.33-32-32-32zm256-96H224c-17.67 0-32 14.33-32 32v32h96c33.21 0 60.59 25.42 63.71 57.82l.29-.22V416h192c17.67 0 32-14.33 32-32V192c0-17.67-14.33-32-32-32zm-32 128h-64v-64h64v64zm-352-96c0-35.29 28.71-64 64-64h224V32c0-17.67-14.33-32-32-32H96C78.33 0 64 14.33 64 32v192h96v-32z\"><\/path><\/svg>\t\t\t<\/span>\n\t\t\t\t\t\t\t\t\t<span class=\"elementor-button-text\">Apply now.<\/span>\n\t\t\t\t\t<\/span>\n\t\t\t\t\t<\/a>\n\t\t\t\t<\/div>\n\t\t\t\t\t\t\t\t<\/div>\n\t\t\t\t<\/div>\n\t\t\t\t<\/div>\n\t\t<div class=\"elementor-element elementor-element-edb2a5c e-flex e-con-boxed e-con e-parent\" data-id=\"edb2a5c\" data-element_type=\"container\" data-e-type=\"container\">\n\t\t\t\t\t<div class=\"e-con-inner\">\n\t\t<div class=\"elementor-element elementor-element-b811b5e e-con-full e-flex e-con e-child\" data-id=\"b811b5e\" data-element_type=\"container\" data-e-type=\"container\">\n\t\t\t\t<div class=\"elementor-element elementor-element-7754595 elementor-widget elementor-widget-heading\" data-id=\"7754595\" data-element_type=\"widget\" data-e-type=\"widget\" data-widget_type=\"heading.default\">\n\t\t\t\t<div class=\"elementor-widget-container\">\n\t\t\t\t\t<h2 class=\"elementor-heading-title elementor-size-default\">Start your career with drive - training at T\u00dcV S\u00dcD in the Berlin Sch\u00f6neweide vehicle testing center!<\/h2>\t\t\t\t<\/div>\n\t\t\t\t<\/div>\n\t\t\t\t<div class=\"elementor-element elementor-element-fd1b6b3 elementor-widget elementor-widget-text-editor\" data-id=\"fd1b6b3\" data-element_type=\"widget\" data-e-type=\"widget\" data-widget_type=\"text-editor.default\">\n\t\t\t\t<div class=\"elementor-widget-container\">\n\t\t\t\t\t\t\t\t\t<p>Would you like to learn in an environment that combines technical excellence with a motivating working atmosphere? Then an apprenticeship at KFZ Pr\u00fcfzentrum Berlin Sch\u00f6neweide is just right for you. We not only offer you in-depth specialist knowledge, but also attractive benefits that will make your training something special:  <\/p>\t\t\t\t\t\t\t\t<\/div>\n\t\t\t\t<\/div>\n\t\t\t\t<div class=\"elementor-element elementor-element-e1d8e9c elementor-widget elementor-widget-text-editor\" data-id=\"e1d8e9c\" data-element_type=\"widget\" data-e-type=\"widget\" data-widget_type=\"text-editor.default\">\n\t\t\t\t<div class=\"elementor-widget-container\">\n\t\t\t\t\t\t\t\t\t<ol><li>Learn from the professionals: With us, you will be trained by experienced specialists and develop step by step into an expert in the field of vehicle technology.<\/li><li>Technology meets craftsmanship: from classic wrenches to state-of-the-art diagnostic tools &#8211; you will learn how the two work together perfectly.<\/li><li>Pleasant working atmosphere: Our test centers not only stand for top performance, but also for an environment in which you can feel comfortable.<\/li><li>Varied challenges: No two days are the same &#8211; exciting tasks and new projects await you every day.<\/li><li>A career with prospects: After your apprenticeship, all doors are open to you &#8211; you are sure to find your place in our team straight away.<\/li><li>A strong team and the best care: Look forward to a motivated team that sticks together, as well as little extras such as a coffee flat rate.<\/li><li>Passion for technology: Share your enthusiasm with like-minded people who understand and share your passion for vehicles.<p>With an apprenticeship at T\u00dcV S\u00dcD Auto Partner, you lay the foundation for your professional future &#8211; practical, exciting and always fun. Are you ready to get started? Then join us and become part of a strong team!  <\/p><\/li><\/ol>\t\t\t\t\t\t\t\t<\/div>\n\t\t\t\t<\/div>\n\t\t\t\t<\/div>\n\t\t<div class=\"elementor-element elementor-element-b0b644e e-con-full e-flex e-con e-child\" data-id=\"b0b644e\" data-element_type=\"container\" data-e-type=\"container\">\n\t\t\t\t<div class=\"elementor-element elementor-element-469d1a0 elementor-widget elementor-widget-image\" data-id=\"469d1a0\" data-element_type=\"widget\" data-e-type=\"widget\" data-widget_type=\"image.default\">\n\t\t\t\t<div class=\"elementor-widget-container\">\n\t\t\t\t\t\t\t\t\t\t\t\t\t\t\t<img fetchpriority=\"high\" decoding=\"async\" width=\"640\" height=\"427\" src=\"https:\/\/almocon.de\/wp-content\/uploads\/2024\/11\/2024-08-09-Almocon_02832-Bearbeitet-3-1024x683.jpg\" class=\"attachment-large size-large wp-image-2164\" alt=\"\" srcset=\"https:\/\/almocon.de\/wp-content\/uploads\/2024\/11\/2024-08-09-Almocon_02832-Bearbeitet-3-1024x683.jpg 1024w, https:\/\/almocon.de\/wp-content\/uploads\/2024\/11\/2024-08-09-Almocon_02832-Bearbeitet-3-300x200.jpg 300w, https:\/\/almocon.de\/wp-content\/uploads\/2024\/11\/2024-08-09-Almocon_02832-Bearbeitet-3-768x512.jpg 768w, https:\/\/almocon.de\/wp-content\/uploads\/2024\/11\/2024-08-09-Almocon_02832-Bearbeitet-3-1536x1025.jpg 1536w, https:\/\/almocon.de\/wp-content\/uploads\/2024\/11\/2024-08-09-Almocon_02832-Bearbeitet-3-2048x1366.jpg 2048w\" sizes=\"(max-width: 640px) 100vw, 640px\" \/>\t\t\t\t\t\t\t\t\t\t\t\t\t\t\t<\/div>\n\t\t\t\t<\/div>\n\t\t\t\t<\/div>\n\t\t\t\t\t<\/div>\n\t\t\t\t<\/div>\n\t\t\t\t<\/div>\n\t\t","protected":false},"excerpt":{"rendered":"<p>Your start in the automotive world: training with drive with us Start your career with an apprenticeship as a vehicle test engineer or vehicle damage assessor! With us, you will lay the foundation for a successful future in the automotive industry. In our team, you will learn everything you need for your dream job &#8211; [&hellip;]<\/p>\n","protected":false},"author":1,"featured_media":0,"parent":2253,"menu_order":0,"comment_status":"closed","ping_status":"closed","template":"","meta":{"footnotes":""},"class_list":["post-2320","page","type-page","status-publish","hentry"],"yoast_head":"<!-- This site is optimized with the Yoast SEO plugin v27.5 - https:\/\/yoast.com\/product\/yoast-seo-wordpress\/ -->\n<title>Education - ALMOCON<\/title>\n<meta name=\"robots\" content=\"index, follow, max-snippet:-1, max-image-preview:large, max-video-preview:-1\" \/>\n<link rel=\"canonical\" href=\"https:\/\/almocon.de\/en\/about-us\/education\/\" \/>\n<meta property=\"og:locale\" content=\"en_US\" \/>\n<meta property=\"og:type\" content=\"article\" \/>\n<meta property=\"og:title\" content=\"Education - ALMOCON\" \/>\n<meta property=\"og:description\" content=\"Your start in the automotive world: training with drive with us Start your career with an apprenticeship as a vehicle test engineer or vehicle damage assessor! With us, you will lay the foundation for a successful future in the automotive industry. In our team, you will learn everything you need for your dream job &#8211; [&hellip;]\" \/>\n<meta property=\"og:url\" content=\"https:\/\/almocon.de\/en\/about-us\/education\/\" \/>\n<meta property=\"og:site_name\" content=\"ALMOCON\" \/>\n<meta property=\"article:modified_time\" content=\"2025-07-22T12:48:55+00:00\" \/>\n<meta property=\"og:image\" content=\"https:\/\/almocon.de\/wp-content\/uploads\/2024\/11\/2024-08-09-Almocon_02832-Bearbeitet-3-scaled.jpg\" \/>\n\t<meta property=\"og:image:width\" content=\"2560\" \/>\n\t<meta property=\"og:image:height\" content=\"1708\" \/>\n\t<meta property=\"og:image:type\" content=\"image\/jpeg\" \/>\n<meta name=\"twitter:card\" content=\"summary_large_image\" \/>\n<meta name=\"twitter:label1\" content=\"Est. reading time\" \/>\n\t<meta name=\"twitter:data1\" content=\"2 minutes\" \/>\n<script type=\"application\/ld+json\" class=\"yoast-schema-graph\">{\"@context\":\"https:\\\/\\\/schema.org\",\"@graph\":[{\"@type\":\"WebPage\",\"@id\":\"https:\\\/\\\/almocon.de\\\/en\\\/about-us\\\/education\\\/\",\"url\":\"https:\\\/\\\/almocon.de\\\/en\\\/about-us\\\/education\\\/\",\"name\":\"Education - ALMOCON\",\"isPartOf\":{\"@id\":\"https:\\\/\\\/almocon.de\\\/en\\\/#website\"},\"primaryImageOfPage\":{\"@id\":\"https:\\\/\\\/almocon.de\\\/en\\\/about-us\\\/education\\\/#primaryimage\"},\"image\":{\"@id\":\"https:\\\/\\\/almocon.de\\\/en\\\/about-us\\\/education\\\/#primaryimage\"},\"thumbnailUrl\":\"https:\\\/\\\/almocon.de\\\/wp-content\\\/uploads\\\/2024\\\/11\\\/2024-08-09-Almocon_02832-Bearbeitet-3-1024x683.jpg\",\"datePublished\":\"2024-08-24T19:09:28+00:00\",\"dateModified\":\"2025-07-22T12:48:55+00:00\",\"breadcrumb\":{\"@id\":\"https:\\\/\\\/almocon.de\\\/en\\\/about-us\\\/education\\\/#breadcrumb\"},\"inLanguage\":\"en-US\",\"potentialAction\":[{\"@type\":\"ReadAction\",\"target\":[\"https:\\\/\\\/almocon.de\\\/en\\\/about-us\\\/education\\\/\"]}]},{\"@type\":\"ImageObject\",\"inLanguage\":\"en-US\",\"@id\":\"https:\\\/\\\/almocon.de\\\/en\\\/about-us\\\/education\\\/#primaryimage\",\"url\":\"https:\\\/\\\/almocon.de\\\/wp-content\\\/uploads\\\/2024\\\/11\\\/2024-08-09-Almocon_02832-Bearbeitet-3-1024x683.jpg\",\"contentUrl\":\"https:\\\/\\\/almocon.de\\\/wp-content\\\/uploads\\\/2024\\\/11\\\/2024-08-09-Almocon_02832-Bearbeitet-3-1024x683.jpg\"},{\"@type\":\"BreadcrumbList\",\"@id\":\"https:\\\/\\\/almocon.de\\\/en\\\/about-us\\\/education\\\/#breadcrumb\",\"itemListElement\":[{\"@type\":\"ListItem\",\"position\":1,\"name\":\"Startseite\",\"item\":\"https:\\\/\\\/almocon.de\\\/en\\\/home-page\\\/\"},{\"@type\":\"ListItem\",\"position\":2,\"name\":\"About us\",\"item\":\"https:\\\/\\\/almocon.de\\\/en\\\/about-us\\\/\"},{\"@type\":\"ListItem\",\"position\":3,\"name\":\"Education\"}]},{\"@type\":\"WebSite\",\"@id\":\"https:\\\/\\\/almocon.de\\\/en\\\/#website\",\"url\":\"https:\\\/\\\/almocon.de\\\/en\\\/\",\"name\":\"ALMOCON\",\"description\":\"\",\"publisher\":{\"@id\":\"https:\\\/\\\/almocon.de\\\/en\\\/#organization\"},\"potentialAction\":[{\"@type\":\"SearchAction\",\"target\":{\"@type\":\"EntryPoint\",\"urlTemplate\":\"https:\\\/\\\/almocon.de\\\/en\\\/?s={search_term_string}\"},\"query-input\":{\"@type\":\"PropertyValueSpecification\",\"valueRequired\":true,\"valueName\":\"search_term_string\"}}],\"inLanguage\":\"en-US\"},{\"@type\":\"Organization\",\"@id\":\"https:\\\/\\\/almocon.de\\\/en\\\/#organization\",\"name\":\"ALMOCON\",\"url\":\"https:\\\/\\\/almocon.de\\\/en\\\/\",\"logo\":{\"@type\":\"ImageObject\",\"inLanguage\":\"en-US\",\"@id\":\"https:\\\/\\\/almocon.de\\\/en\\\/#\\\/schema\\\/logo\\\/image\\\/\",\"url\":\"https:\\\/\\\/almocon.de\\\/wp-content\\\/uploads\\\/2024\\\/05\\\/Almocon_Icon.png\",\"contentUrl\":\"https:\\\/\\\/almocon.de\\\/wp-content\\\/uploads\\\/2024\\\/05\\\/Almocon_Icon.png\",\"width\":120,\"height\":120,\"caption\":\"ALMOCON\"},\"image\":{\"@id\":\"https:\\\/\\\/almocon.de\\\/en\\\/#\\\/schema\\\/logo\\\/image\\\/\"}}]}<\/script>\n<!-- \/ Yoast SEO plugin. -->","yoast_head_json":{"title":"Education - ALMOCON","robots":{"index":"index","follow":"follow","max-snippet":"max-snippet:-1","max-image-preview":"max-image-preview:large","max-video-preview":"max-video-preview:-1"},"canonical":"https:\/\/almocon.de\/en\/about-us\/education\/","og_locale":"en_US","og_type":"article","og_title":"Education - ALMOCON","og_description":"Your start in the automotive world: training with drive with us Start your career with an apprenticeship as a vehicle test engineer or vehicle damage assessor! With us, you will lay the foundation for a successful future in the automotive industry. In our team, you will learn everything you need for your dream job &#8211; [&hellip;]","og_url":"https:\/\/almocon.de\/en\/about-us\/education\/","og_site_name":"ALMOCON","article_modified_time":"2025-07-22T12:48:55+00:00","og_image":[{"width":2560,"height":1708,"url":"https:\/\/almocon.de\/wp-content\/uploads\/2024\/11\/2024-08-09-Almocon_02832-Bearbeitet-3-scaled.jpg","type":"image\/jpeg"}],"twitter_card":"summary_large_image","twitter_misc":{"Est. reading time":"2 minutes"},"schema":{"@context":"https:\/\/schema.org","@graph":[{"@type":"WebPage","@id":"https:\/\/almocon.de\/en\/about-us\/education\/","url":"https:\/\/almocon.de\/en\/about-us\/education\/","name":"Education - ALMOCON","isPartOf":{"@id":"https:\/\/almocon.de\/en\/#website"},"primaryImageOfPage":{"@id":"https:\/\/almocon.de\/en\/about-us\/education\/#primaryimage"},"image":{"@id":"https:\/\/almocon.de\/en\/about-us\/education\/#primaryimage"},"thumbnailUrl":"https:\/\/almocon.de\/wp-content\/uploads\/2024\/11\/2024-08-09-Almocon_02832-Bearbeitet-3-1024x683.jpg","datePublished":"2024-08-24T19:09:28+00:00","dateModified":"2025-07-22T12:48:55+00:00","breadcrumb":{"@id":"https:\/\/almocon.de\/en\/about-us\/education\/#breadcrumb"},"inLanguage":"en-US","potentialAction":[{"@type":"ReadAction","target":["https:\/\/almocon.de\/en\/about-us\/education\/"]}]},{"@type":"ImageObject","inLanguage":"en-US","@id":"https:\/\/almocon.de\/en\/about-us\/education\/#primaryimage","url":"https:\/\/almocon.de\/wp-content\/uploads\/2024\/11\/2024-08-09-Almocon_02832-Bearbeitet-3-1024x683.jpg","contentUrl":"https:\/\/almocon.de\/wp-content\/uploads\/2024\/11\/2024-08-09-Almocon_02832-Bearbeitet-3-1024x683.jpg"},{"@type":"BreadcrumbList","@id":"https:\/\/almocon.de\/en\/about-us\/education\/#breadcrumb","itemListElement":[{"@type":"ListItem","position":1,"name":"Startseite","item":"https:\/\/almocon.de\/en\/home-page\/"},{"@type":"ListItem","position":2,"name":"About us","item":"https:\/\/almocon.de\/en\/about-us\/"},{"@type":"ListItem","position":3,"name":"Education"}]},{"@type":"WebSite","@id":"https:\/\/almocon.de\/en\/#website","url":"https:\/\/almocon.de\/en\/","name":"ALMOCON","description":"","publisher":{"@id":"https:\/\/almocon.de\/en\/#organization"},"potentialAction":[{"@type":"SearchAction","target":{"@type":"EntryPoint","urlTemplate":"https:\/\/almocon.de\/en\/?s={search_term_string}"},"query-input":{"@type":"PropertyValueSpecification","valueRequired":true,"valueName":"search_term_string"}}],"inLanguage":"en-US"},{"@type":"Organization","@id":"https:\/\/almocon.de\/en\/#organization","name":"ALMOCON","url":"https:\/\/almocon.de\/en\/","logo":{"@type":"ImageObject","inLanguage":"en-US","@id":"https:\/\/almocon.de\/en\/#\/schema\/logo\/image\/","url":"https:\/\/almocon.de\/wp-content\/uploads\/2024\/05\/Almocon_Icon.png","contentUrl":"https:\/\/almocon.de\/wp-content\/uploads\/2024\/05\/Almocon_Icon.png","width":120,"height":120,"caption":"ALMOCON"},"image":{"@id":"https:\/\/almocon.de\/en\/#\/schema\/logo\/image\/"}}]}},"_links":{"self":[{"href":"https:\/\/almocon.de\/en\/wp-json\/wp\/v2\/pages\/2320","targetHints":{"allow":["GET"]}}],"collection":[{"href":"https:\/\/almocon.de\/en\/wp-json\/wp\/v2\/pages"}],"about":[{"href":"https:\/\/almocon.de\/en\/wp-json\/wp\/v2\/types\/page"}],"author":[{"embeddable":true,"href":"https:\/\/almocon.de\/en\/wp-json\/wp\/v2\/users\/1"}],"replies":[{"embeddable":true,"href":"https:\/\/almocon.de\/en\/wp-json\/wp\/v2\/comments?post=2320"}],"version-history":[{"count":1,"href":"https:\/\/almocon.de\/en\/wp-json\/wp\/v2\/pages\/2320\/revisions"}],"predecessor-version":[{"id":2321,"href":"https:\/\/almocon.de\/en\/wp-json\/wp\/v2\/pages\/2320\/revisions\/2321"}],"up":[{"embeddable":true,"href":"https:\/\/almocon.de\/en\/wp-json\/wp\/v2\/pages\/2253"}],"wp:attachment":[{"href":"https:\/\/almocon.de\/en\/wp-json\/wp\/v2\/media?parent=2320"}],"curies":[{"name":"wp","href":"https:\/\/api.w.org\/{rel}","templated":true}]}}