{"id":2259,"date":"2024-08-24T21:07:25","date_gmt":"2024-08-24T19:07:25","guid":{"rendered":"https:\/\/almocon.de\/locations\/"},"modified":"2025-10-24T09:30:27","modified_gmt":"2025-10-24T07:30:27","slug":"locations","status":"publish","type":"page","link":"https:\/\/almocon.de\/en\/locations\/","title":{"rendered":"Locations"},"content":{"rendered":"\t\t<div data-elementor-type=\"wp-page\" data-elementor-id=\"2259\" class=\"elementor elementor-2259 elementor-421\" data-elementor-post-type=\"page\">\n\t\t\t\t<div class=\"elementor-element elementor-element-3322dbd e-flex e-con-boxed e-con e-parent\" data-id=\"3322dbd\" data-element_type=\"container\" data-e-type=\"container\">\n\t\t\t\t\t<div class=\"e-con-inner\">\n\t\t<div class=\"elementor-element elementor-element-2e8467d e-con-full e-flex e-con e-child\" data-id=\"2e8467d\" data-element_type=\"container\" data-e-type=\"container\">\n\t\t\t\t<div class=\"elementor-element elementor-element-ae563a7 elementor-widget elementor-widget-heading\" data-id=\"ae563a7\" data-element_type=\"widget\" data-e-type=\"widget\" data-widget_type=\"heading.default\">\n\t\t\t\t<div class=\"elementor-widget-container\">\n\t\t\t\t\t<h2 class=\"elementor-heading-title elementor-size-default\">Our locations<\/h2>\t\t\t\t<\/div>\n\t\t\t\t<\/div>\n\t\t\t\t<div class=\"elementor-element elementor-element-106ab26 elementor-widget elementor-widget-text-editor\" data-id=\"106ab26\" data-element_type=\"widget\" data-e-type=\"widget\" data-widget_type=\"text-editor.default\">\n\t\t\t\t<div class=\"elementor-widget-container\">\n\t\t\t\t\t\t\t\t\t<p>Would you like to make an appointment?&nbsp;  Select your preferred date directly online.<\/p><p>By the way: You can visit the KFZ Pr\u00fcfzentrum Sch\u00f6neweide immediately without an appointment !!!<\/p><p>Do you have accident damage and urgently need a damage assessment for the insurance company?&nbsp;<span style=\"color: var( --e-global-color-text ); font-family: var( --e-global-typography-text-font-family ), Sans-serif; font-weight: var( --e-global-typography-text-font-weight ); text-align: var(--text-align);\">We also come directly to you, to work or home or directly to the scene of the accident!&nbsp;&nbsp;<\/span><\/p>\n<p><\/p>\t\t\t\t\t\t\t\t<\/div>\n\t\t\t\t<\/div>\n\t\t\t\t<\/div>\n\t\t<div class=\"elementor-element elementor-element-6b761f2 e-con-full e-flex e-con e-child\" data-id=\"6b761f2\" data-element_type=\"container\" data-e-type=\"container\">\n\t\t\t\t<div class=\"elementor-element elementor-element-c1e0462 elementor-widget elementor-widget-image\" data-id=\"c1e0462\" data-element_type=\"widget\" data-e-type=\"widget\" data-widget_type=\"image.default\">\n\t\t\t\t<div class=\"elementor-widget-container\">\n\t\t\t\t\t\t\t\t\t\t\t\t\t\t\t<img decoding=\"async\" src=\"https:\/\/almocon.de\/wp-content\/uploads\/2024\/08\/2024-08-09-Almocon_03313-2024-08-14T10_23_04.559.jpg\" title=\"\" alt=\"\" loading=\"lazy\" \/>\t\t\t\t\t\t\t\t\t\t\t\t\t\t\t<\/div>\n\t\t\t\t<\/div>\n\t\t\t\t<\/div>\n\t\t\t\t\t<\/div>\n\t\t\t\t<\/div>\n\t\t<div class=\"elementor-element elementor-element-39f6faf e-flex e-con-boxed e-con e-parent\" data-id=\"39f6faf\" data-element_type=\"container\" data-e-type=\"container\">\n\t\t\t\t\t<div class=\"e-con-inner\">\n\t\t<div class=\"elementor-element elementor-element-d7bb423 e-con-full e-flex e-con e-child\" data-id=\"d7bb423\" data-element_type=\"container\" data-e-type=\"container\">\n\t\t\t\t<div class=\"elementor-element elementor-element-715223d elementor-widget elementor-widget-image\" data-id=\"715223d\" data-element_type=\"widget\" data-e-type=\"widget\" data-widget_type=\"image.default\">\n\t\t\t\t<div class=\"elementor-widget-container\">\n\t\t\t\t\t\t\t\t\t\t\t\t\t\t\t<img fetchpriority=\"high\" decoding=\"async\" width=\"640\" height=\"427\" src=\"https:\/\/almocon.de\/wp-content\/uploads\/2025\/10\/Schaufenster_Ansicht.png\" class=\"attachment-large size-large wp-image-2414\" alt=\"\" srcset=\"https:\/\/almocon.de\/wp-content\/uploads\/2025\/10\/Schaufenster_Ansicht.png 768w, https:\/\/almocon.de\/wp-content\/uploads\/2025\/10\/Schaufenster_Ansicht-300x200.png 300w\" sizes=\"(max-width: 640px) 100vw, 640px\" \/>\t\t\t\t\t\t\t\t\t\t\t\t\t\t\t<\/div>\n\t\t\t\t<\/div>\n\t\t\t\t<div class=\"elementor-element elementor-element-beaa959 elementor-widget elementor-widget-heading\" data-id=\"beaa959\" data-element_type=\"widget\" data-e-type=\"widget\" data-widget_type=\"heading.default\">\n\t\t\t\t<div class=\"elementor-widget-container\">\n\t\t\t\t\t<h2 class=\"elementor-heading-title elementor-size-default\">Schorfheide | Finowfurt<\/h2>\t\t\t\t<\/div>\n\t\t\t\t<\/div>\n\t\t\t\t<div class=\"elementor-element elementor-element-238fd82 elementor-widget elementor-widget-text-editor\" data-id=\"238fd82\" data-element_type=\"widget\" data-e-type=\"widget\" data-widget_type=\"text-editor.default\">\n\t\t\t\t<div class=\"elementor-widget-container\">\n\t\t\t\t\t\t\t\t\t<p><strong>AMC expertise became ALMOCON<\/strong><\/p><p><strong>Address:<\/strong><br>Hauptstra\u00dfe 137<br>16244 Schorfheide<\/p><p><strong>Opening hours:<\/strong><br>Mon. &#8211; Fri.: 08.00 &#8211; 17.00 <br>Sat. by appointment<\/p><p><strong>Phone:<\/strong> +49 3335 4519144<br><strong>E-mail:<\/strong> <a href=\"mailto:info@almocon.de\">info@almocon.de<\/a><\/p>\t\t\t\t\t\t\t\t<\/div>\n\t\t\t\t<\/div>\n\t\t\t\t<div class=\"elementor-element elementor-element-2510f90 elementor-widget elementor-widget-button\" data-id=\"2510f90\" data-element_type=\"widget\" data-e-type=\"widget\" data-widget_type=\"button.default\">\n\t\t\t\t<div class=\"elementor-widget-container\">\n\t\t\t\t\t\t\t\t\t<div class=\"elementor-button-wrapper\">\n\t\t\t\t\t<a class=\"elementor-button elementor-button-link elementor-size-sm\" href=\"https:\/\/www.tuvsud.com\/de-de\/branchen\/mobilitaet-und-automotive\/hauptuntersuchung\/hu-anmeldung?locationSign=C31\" target=\"_blank\">\n\t\t\t\t\t\t<span class=\"elementor-button-content-wrapper\">\n\t\t\t\t\t\t\t\t\t<span class=\"elementor-button-text\">Book an appointment with T\u00dcV S\u00dcD<\/span>\n\t\t\t\t\t<\/span>\n\t\t\t\t\t<\/a>\n\t\t\t\t<\/div>\n\t\t\t\t\t\t\t\t<\/div>\n\t\t\t\t<\/div>\n\t\t\t\t<\/div>\n\t\t<div class=\"elementor-element elementor-element-0e3c3fc e-con-full e-flex e-con e-child\" data-id=\"0e3c3fc\" data-element_type=\"container\" data-e-type=\"container\">\n\t\t\t\t<div class=\"elementor-element elementor-element-ed90508 elementor-widget elementor-widget-image\" data-id=\"ed90508\" data-element_type=\"widget\" data-e-type=\"widget\" data-widget_type=\"image.default\">\n\t\t\t\t<div class=\"elementor-widget-container\">\n\t\t\t\t\t\t\t\t\t\t\t\t\t\t\t<img decoding=\"async\" width=\"640\" height=\"427\" src=\"https:\/\/almocon.de\/wp-content\/uploads\/2024\/11\/Pruefstelle_Schoeneweide-1024x683.jpg\" class=\"attachment-large size-large wp-image-2210\" alt=\"\" srcset=\"https:\/\/almocon.de\/wp-content\/uploads\/2024\/11\/Pruefstelle_Schoeneweide-1024x683.jpg 1024w, https:\/\/almocon.de\/wp-content\/uploads\/2024\/11\/Pruefstelle_Schoeneweide-300x200.jpg 300w, https:\/\/almocon.de\/wp-content\/uploads\/2024\/11\/Pruefstelle_Schoeneweide-768x512.jpg 768w, https:\/\/almocon.de\/wp-content\/uploads\/2024\/11\/Pruefstelle_Schoeneweide-1536x1025.jpg 1536w, https:\/\/almocon.de\/wp-content\/uploads\/2024\/11\/Pruefstelle_Schoeneweide.jpg 1731w\" sizes=\"(max-width: 640px) 100vw, 640px\" \/>\t\t\t\t\t\t\t\t\t\t\t\t\t\t\t<\/div>\n\t\t\t\t<\/div>\n\t\t\t\t<div class=\"elementor-element elementor-element-4e41abe elementor-widget elementor-widget-heading\" data-id=\"4e41abe\" data-element_type=\"widget\" data-e-type=\"widget\" data-widget_type=\"heading.default\">\n\t\t\t\t<div class=\"elementor-widget-container\">\n\t\t\t\t\t<h2 class=\"elementor-heading-title elementor-size-default\">Berlin Sch\u00f6neweide<\/h2>\t\t\t\t<\/div>\n\t\t\t\t<\/div>\n\t\t\t\t<div class=\"elementor-element elementor-element-0cca9fd elementor-widget elementor-widget-text-editor\" data-id=\"0cca9fd\" data-element_type=\"widget\" data-e-type=\"widget\" data-widget_type=\"text-editor.default\">\n\t\t\t\t<div class=\"elementor-widget-container\">\n\t\t\t\t\t\t\t\t\t<p><strong>Vehicle test center Berlin Sch\u00f6neweide<\/strong><\/p><p><strong>Address:<\/strong><br>Michael-Br\u00fcckner-Stra\u00dfe 25<br>12439 Berlin Sch\u00f6neweide<\/p><p><strong>Opening hours:<\/strong><br>Mon. &#8211; Fri.: 07.00 &#8211; 20.00<br>Sat.: 09.00 &#8211; 13.00<\/p><p> <\/p><p> <\/p><p><strong>Phone:<\/strong> +4930 639 74 054<br><strong>E-mail:<\/strong> <a href=\"mailto:info@kfz-pruefzentrum.de\">info@kfz-pruefzentrum.de<\/a><\/p>\t\t\t\t\t\t\t\t<\/div>\n\t\t\t\t<\/div>\n\t\t\t\t<div class=\"elementor-element elementor-element-c568e69 elementor-widget elementor-widget-button\" data-id=\"c568e69\" data-element_type=\"widget\" data-e-type=\"widget\" data-widget_type=\"button.default\">\n\t\t\t\t<div class=\"elementor-widget-container\">\n\t\t\t\t\t\t\t\t\t<div class=\"elementor-button-wrapper\">\n\t\t\t\t\t<a class=\"elementor-button elementor-button-link elementor-size-sm\" href=\"https:\/\/www.tuvsud.com\/de-de\/branchen\/mobilitaet-und-automotive\/hauptuntersuchung\/hu-anmeldung?locationSign=C120&#038;utm_source=website&#038;utm_medium=cooperation&#038;utm_campaign=a-on_autopartner-portal_de_de_mo_aut_pti_ts&#038;utm_content=schoeneweide.autopartner-portal.de\/\" target=\"_blank\">\n\t\t\t\t\t\t<span class=\"elementor-button-content-wrapper\">\n\t\t\t\t\t\t\t\t\t<span class=\"elementor-button-text\">Book an appointment with T\u00dcV S\u00dcD<\/span>\n\t\t\t\t\t<\/span>\n\t\t\t\t\t<\/a>\n\t\t\t\t<\/div>\n\t\t\t\t\t\t\t\t<\/div>\n\t\t\t\t<\/div>\n\t\t\t\t<\/div>\n\t\t\t\t\t<\/div>\n\t\t\t\t<\/div>\n\t\t<div class=\"elementor-element elementor-element-1f059e65 e-con-full e-flex e-con e-parent\" data-id=\"1f059e65\" data-element_type=\"container\" data-e-type=\"container\" data-settings=\"{&quot;background_background&quot;:&quot;classic&quot;}\">\n\t\t\t\t<div class=\"elementor-element elementor-element-6850b089 elementor-widget elementor-widget-heading\" data-id=\"6850b089\" data-element_type=\"widget\" data-e-type=\"widget\" data-widget_type=\"heading.default\">\n\t\t\t\t<div class=\"elementor-widget-container\">\n\t\t\t\t\t<h2 class=\"elementor-heading-title elementor-size-default\">The first number to call if you have an accident.<\/h2>\t\t\t\t<\/div>\n\t\t\t\t<\/div>\n\t\t\t\t<div class=\"elementor-element elementor-element-7db5e474 elementor-widget elementor-widget-text-editor\" data-id=\"7db5e474\" data-element_type=\"widget\" data-e-type=\"widget\" data-widget_type=\"text-editor.default\">\n\t\t\t\t<div class=\"elementor-widget-container\">\n\t\t\t\t\t\t\t\t\t<p>We help quickly and easily.<\/p>\t\t\t\t\t\t\t\t<\/div>\n\t\t\t\t<\/div>\n\t\t\t\t<div class=\"elementor-element elementor-element-2c703206 elementor-widget elementor-widget-button\" data-id=\"2c703206\" data-element_type=\"widget\" data-e-type=\"widget\" data-widget_type=\"button.default\">\n\t\t\t\t<div class=\"elementor-widget-container\">\n\t\t\t\t\t\t\t\t\t<div class=\"elementor-button-wrapper\">\n\t\t\t\t\t<a class=\"elementor-button elementor-button-link elementor-size-sm\" href=\"tel:+4933354519144\">\n\t\t\t\t\t\t<span class=\"elementor-button-content-wrapper\">\n\t\t\t\t\t\t\t\t\t<span class=\"elementor-button-text\">Call now!<\/span>\n\t\t\t\t\t<\/span>\n\t\t\t\t\t<\/a>\n\t\t\t\t<\/div>\n\t\t\t\t\t\t\t\t<\/div>\n\t\t\t\t<\/div>\n\t\t\t\t<\/div>\n\t\t\t\t<\/div>\n\t\t","protected":false},"excerpt":{"rendered":"<p>Our locations Would you like to make an appointment?&nbsp; Select your preferred date directly online. By the way: You can visit the KFZ Pr\u00fcfzentrum Sch\u00f6neweide immediately without an appointment !!! Do you have accident damage and urgently need a damage assessment for the insurance company?&nbsp;We also come directly to you, to work or home or [&hellip;]<\/p>\n","protected":false},"author":1,"featured_media":0,"parent":0,"menu_order":0,"comment_status":"closed","ping_status":"closed","template":"","meta":{"footnotes":""},"class_list":["post-2259","page","type-page","status-publish","hentry"],"yoast_head":"<!-- This site is optimized with the Yoast SEO plugin v27.5 - https:\/\/yoast.com\/product\/yoast-seo-wordpress\/ -->\n<title>Locations - ALMOCON<\/title>\n<meta name=\"robots\" content=\"index, follow, max-snippet:-1, max-image-preview:large, max-video-preview:-1\" \/>\n<link rel=\"canonical\" href=\"https:\/\/almocon.de\/en\/locations\/\" \/>\n<meta property=\"og:locale\" content=\"en_US\" \/>\n<meta property=\"og:type\" content=\"article\" \/>\n<meta property=\"og:title\" content=\"Locations - ALMOCON\" \/>\n<meta property=\"og:description\" content=\"Our locations Would you like to make an appointment?&nbsp; Select your preferred date directly online. By the way: You can visit the KFZ Pr\u00fcfzentrum Sch\u00f6neweide immediately without an appointment !!! Do you have accident damage and urgently need a damage assessment for the insurance company?&nbsp;We also come directly to you, to work or home or [&hellip;]\" \/>\n<meta property=\"og:url\" content=\"https:\/\/almocon.de\/en\/locations\/\" \/>\n<meta property=\"og:site_name\" content=\"ALMOCON\" \/>\n<meta property=\"article:modified_time\" content=\"2025-10-24T07:30:27+00:00\" \/>\n<meta property=\"og:image\" content=\"https:\/\/almocon.de\/wp-content\/uploads\/2024\/08\/2024-08-09-Almocon_03313-2024-08-14T10_23_04.559.jpg\" \/>\n<meta name=\"twitter:card\" content=\"summary_large_image\" \/>\n<meta name=\"twitter:label1\" content=\"Est. reading time\" \/>\n\t<meta name=\"twitter:data1\" content=\"1 minute\" \/>\n<script type=\"application\/ld+json\" class=\"yoast-schema-graph\">{\"@context\":\"https:\\\/\\\/schema.org\",\"@graph\":[{\"@type\":\"WebPage\",\"@id\":\"https:\\\/\\\/almocon.de\\\/en\\\/locations\\\/\",\"url\":\"https:\\\/\\\/almocon.de\\\/en\\\/locations\\\/\",\"name\":\"Locations - ALMOCON\",\"isPartOf\":{\"@id\":\"https:\\\/\\\/almocon.de\\\/en\\\/#website\"},\"primaryImageOfPage\":{\"@id\":\"https:\\\/\\\/almocon.de\\\/en\\\/locations\\\/#primaryimage\"},\"image\":{\"@id\":\"https:\\\/\\\/almocon.de\\\/en\\\/locations\\\/#primaryimage\"},\"thumbnailUrl\":\"https:\\\/\\\/almocon.de\\\/wp-content\\\/uploads\\\/2024\\\/08\\\/2024-08-09-Almocon_03313-2024-08-14T10_23_04.559.jpg\",\"datePublished\":\"2024-08-24T19:07:25+00:00\",\"dateModified\":\"2025-10-24T07:30:27+00:00\",\"breadcrumb\":{\"@id\":\"https:\\\/\\\/almocon.de\\\/en\\\/locations\\\/#breadcrumb\"},\"inLanguage\":\"en-US\",\"potentialAction\":[{\"@type\":\"ReadAction\",\"target\":[\"https:\\\/\\\/almocon.de\\\/en\\\/locations\\\/\"]}]},{\"@type\":\"ImageObject\",\"inLanguage\":\"en-US\",\"@id\":\"https:\\\/\\\/almocon.de\\\/en\\\/locations\\\/#primaryimage\",\"url\":\"https:\\\/\\\/almocon.de\\\/wp-content\\\/uploads\\\/2024\\\/08\\\/2024-08-09-Almocon_03313-2024-08-14T10_23_04.559.jpg\",\"contentUrl\":\"https:\\\/\\\/almocon.de\\\/wp-content\\\/uploads\\\/2024\\\/08\\\/2024-08-09-Almocon_03313-2024-08-14T10_23_04.559.jpg\"},{\"@type\":\"BreadcrumbList\",\"@id\":\"https:\\\/\\\/almocon.de\\\/en\\\/locations\\\/#breadcrumb\",\"itemListElement\":[{\"@type\":\"ListItem\",\"position\":1,\"name\":\"Startseite\",\"item\":\"https:\\\/\\\/almocon.de\\\/en\\\/home-page\\\/\"},{\"@type\":\"ListItem\",\"position\":2,\"name\":\"Locations\"}]},{\"@type\":\"WebSite\",\"@id\":\"https:\\\/\\\/almocon.de\\\/en\\\/#website\",\"url\":\"https:\\\/\\\/almocon.de\\\/en\\\/\",\"name\":\"ALMOCON\",\"description\":\"\",\"publisher\":{\"@id\":\"https:\\\/\\\/almocon.de\\\/en\\\/#organization\"},\"potentialAction\":[{\"@type\":\"SearchAction\",\"target\":{\"@type\":\"EntryPoint\",\"urlTemplate\":\"https:\\\/\\\/almocon.de\\\/en\\\/?s={search_term_string}\"},\"query-input\":{\"@type\":\"PropertyValueSpecification\",\"valueRequired\":true,\"valueName\":\"search_term_string\"}}],\"inLanguage\":\"en-US\"},{\"@type\":\"Organization\",\"@id\":\"https:\\\/\\\/almocon.de\\\/en\\\/#organization\",\"name\":\"ALMOCON\",\"url\":\"https:\\\/\\\/almocon.de\\\/en\\\/\",\"logo\":{\"@type\":\"ImageObject\",\"inLanguage\":\"en-US\",\"@id\":\"https:\\\/\\\/almocon.de\\\/en\\\/#\\\/schema\\\/logo\\\/image\\\/\",\"url\":\"https:\\\/\\\/almocon.de\\\/wp-content\\\/uploads\\\/2024\\\/05\\\/Almocon_Icon.png\",\"contentUrl\":\"https:\\\/\\\/almocon.de\\\/wp-content\\\/uploads\\\/2024\\\/05\\\/Almocon_Icon.png\",\"width\":120,\"height\":120,\"caption\":\"ALMOCON\"},\"image\":{\"@id\":\"https:\\\/\\\/almocon.de\\\/en\\\/#\\\/schema\\\/logo\\\/image\\\/\"}}]}<\/script>\n<!-- \/ Yoast SEO plugin. -->","yoast_head_json":{"title":"Locations - ALMOCON","robots":{"index":"index","follow":"follow","max-snippet":"max-snippet:-1","max-image-preview":"max-image-preview:large","max-video-preview":"max-video-preview:-1"},"canonical":"https:\/\/almocon.de\/en\/locations\/","og_locale":"en_US","og_type":"article","og_title":"Locations - ALMOCON","og_description":"Our locations Would you like to make an appointment?&nbsp; Select your preferred date directly online. By the way: You can visit the KFZ Pr\u00fcfzentrum Sch\u00f6neweide immediately without an appointment !!! Do you have accident damage and urgently need a damage assessment for the insurance company?&nbsp;We also come directly to you, to work or home or [&hellip;]","og_url":"https:\/\/almocon.de\/en\/locations\/","og_site_name":"ALMOCON","article_modified_time":"2025-10-24T07:30:27+00:00","og_image":[{"url":"https:\/\/almocon.de\/wp-content\/uploads\/2024\/08\/2024-08-09-Almocon_03313-2024-08-14T10_23_04.559.jpg","type":"","width":"","height":""}],"twitter_card":"summary_large_image","twitter_misc":{"Est. reading time":"1 minute"},"schema":{"@context":"https:\/\/schema.org","@graph":[{"@type":"WebPage","@id":"https:\/\/almocon.de\/en\/locations\/","url":"https:\/\/almocon.de\/en\/locations\/","name":"Locations - ALMOCON","isPartOf":{"@id":"https:\/\/almocon.de\/en\/#website"},"primaryImageOfPage":{"@id":"https:\/\/almocon.de\/en\/locations\/#primaryimage"},"image":{"@id":"https:\/\/almocon.de\/en\/locations\/#primaryimage"},"thumbnailUrl":"https:\/\/almocon.de\/wp-content\/uploads\/2024\/08\/2024-08-09-Almocon_03313-2024-08-14T10_23_04.559.jpg","datePublished":"2024-08-24T19:07:25+00:00","dateModified":"2025-10-24T07:30:27+00:00","breadcrumb":{"@id":"https:\/\/almocon.de\/en\/locations\/#breadcrumb"},"inLanguage":"en-US","potentialAction":[{"@type":"ReadAction","target":["https:\/\/almocon.de\/en\/locations\/"]}]},{"@type":"ImageObject","inLanguage":"en-US","@id":"https:\/\/almocon.de\/en\/locations\/#primaryimage","url":"https:\/\/almocon.de\/wp-content\/uploads\/2024\/08\/2024-08-09-Almocon_03313-2024-08-14T10_23_04.559.jpg","contentUrl":"https:\/\/almocon.de\/wp-content\/uploads\/2024\/08\/2024-08-09-Almocon_03313-2024-08-14T10_23_04.559.jpg"},{"@type":"BreadcrumbList","@id":"https:\/\/almocon.de\/en\/locations\/#breadcrumb","itemListElement":[{"@type":"ListItem","position":1,"name":"Startseite","item":"https:\/\/almocon.de\/en\/home-page\/"},{"@type":"ListItem","position":2,"name":"Locations"}]},{"@type":"WebSite","@id":"https:\/\/almocon.de\/en\/#website","url":"https:\/\/almocon.de\/en\/","name":"ALMOCON","description":"","publisher":{"@id":"https:\/\/almocon.de\/en\/#organization"},"potentialAction":[{"@type":"SearchAction","target":{"@type":"EntryPoint","urlTemplate":"https:\/\/almocon.de\/en\/?s={search_term_string}"},"query-input":{"@type":"PropertyValueSpecification","valueRequired":true,"valueName":"search_term_string"}}],"inLanguage":"en-US"},{"@type":"Organization","@id":"https:\/\/almocon.de\/en\/#organization","name":"ALMOCON","url":"https:\/\/almocon.de\/en\/","logo":{"@type":"ImageObject","inLanguage":"en-US","@id":"https:\/\/almocon.de\/en\/#\/schema\/logo\/image\/","url":"https:\/\/almocon.de\/wp-content\/uploads\/2024\/05\/Almocon_Icon.png","contentUrl":"https:\/\/almocon.de\/wp-content\/uploads\/2024\/05\/Almocon_Icon.png","width":120,"height":120,"caption":"ALMOCON"},"image":{"@id":"https:\/\/almocon.de\/en\/#\/schema\/logo\/image\/"}}]}},"_links":{"self":[{"href":"https:\/\/almocon.de\/en\/wp-json\/wp\/v2\/pages\/2259","targetHints":{"allow":["GET"]}}],"collection":[{"href":"https:\/\/almocon.de\/en\/wp-json\/wp\/v2\/pages"}],"about":[{"href":"https:\/\/almocon.de\/en\/wp-json\/wp\/v2\/types\/page"}],"author":[{"embeddable":true,"href":"https:\/\/almocon.de\/en\/wp-json\/wp\/v2\/users\/1"}],"replies":[{"embeddable":true,"href":"https:\/\/almocon.de\/en\/wp-json\/wp\/v2\/comments?post=2259"}],"version-history":[{"count":2,"href":"https:\/\/almocon.de\/en\/wp-json\/wp\/v2\/pages\/2259\/revisions"}],"predecessor-version":[{"id":2418,"href":"https:\/\/almocon.de\/en\/wp-json\/wp\/v2\/pages\/2259\/revisions\/2418"}],"wp:attachment":[{"href":"https:\/\/almocon.de\/en\/wp-json\/wp\/v2\/media?parent=2259"}],"curies":[{"name":"wp","href":"https:\/\/api.w.org\/{rel}","templated":true}]}}